{"id":9,"date":"2012-06-05T15:11:09","date_gmt":"2012-06-05T13:11:09","guid":{"rendered":"http:\/\/rechtsanwalt-rohm.de\/wordpress\/index.php\/notrufnummern\/"},"modified":"2024-06-04T18:50:03","modified_gmt":"2024-06-04T16:50:03","slug":"notrufnummern","status":"publish","type":"page","link":"http:\/\/rechtsanwalt-rohm.de\/wordpress\/index.php\/notrufnummern\/","title":{"rendered":"Notrufnummer"},"content":{"rendered":"<h2>Notrufnummer<\/h2>\n<p style=\"text-align: left;\">Au\u00dferhalb der Kanzlei-\u00d6ffnungszeiten ist meine Notrufnummer freigeschaltet, sofern es die jeweilige Situation erlaubt.<\/p>\n<p style=\"text-align: left;\">Bitte beachten Sie, dass es sich um eine Notruf &#8211; Nummer handelt, d.h. Ihr Anliegen sollte ein dringendes sein, sodass meine unverz\u00fcgliche Hilfe als Strafverteidiger notwendig ist, wie z.B. anl\u00e4sslich einer vorl\u00e4ufigen Festnahme zur Nachtzeit, am Wochenende oder an Feiertagen. Alle anderen mandatsbezogenen Fragen werden ausschlie\u00dflich zu den \u00fcblichen Arbeitszeiten besprochen werden.<\/p>\n<h4 style=\"text-align: left;\"><strong>Notrufnummer: \u00a0 \u00a0 \u00a0+49 (0) 56 03 &#8211; 92 77 421<\/strong><\/h4>\n","protected":false},"excerpt":{"rendered":"<p>Notrufnummer Au\u00dferhalb der Kanzlei-\u00d6ffnungszeiten ist meine Notrufnummer freigeschaltet, sofern es die jeweilige Situation erlaubt. Bitte beachten Sie, dass es sich um eine Notruf &#8211; Nummer handelt, d.h. Ihr Anliegen sollte ein dringendes sein, sodass meine unverz\u00fcgliche Hilfe als Strafverteidiger notwendig ist, wie z.B. anl\u00e4sslich einer vorl\u00e4ufigen Festnahme zur Nachtzeit, am Wochenende oder an Feiertagen. Alle &hellip; <\/p>\n<p class=\"link-more\"><a href=\"http:\/\/rechtsanwalt-rohm.de\/wordpress\/index.php\/notrufnummern\/\" class=\"more-link\"><span class=\"screen-reader-text\">\u201eNotrufnummer\u201c<\/span> weiterlesen<\/a><\/p>\n","protected":false},"author":1,"featured_media":0,"parent":0,"menu_order":13,"comment_status":"closed","ping_status":"closed","template":"","meta":{"footnotes":""},"_links":{"self":[{"href":"http:\/\/rechtsanwalt-rohm.de\/wordpress\/index.php\/wp-json\/wp\/v2\/pages\/9"}],"collection":[{"href":"http:\/\/rechtsanwalt-rohm.de\/wordpress\/index.php\/wp-json\/wp\/v2\/pages"}],"about":[{"href":"http:\/\/rechtsanwalt-rohm.de\/wordpress\/index.php\/wp-json\/wp\/v2\/types\/page"}],"author":[{"embeddable":true,"href":"http:\/\/rechtsanwalt-rohm.de\/wordpress\/index.php\/wp-json\/wp\/v2\/users\/1"}],"replies":[{"embeddable":true,"href":"http:\/\/rechtsanwalt-rohm.de\/wordpress\/index.php\/wp-json\/wp\/v2\/comments?post=9"}],"version-history":[{"count":3,"href":"http:\/\/rechtsanwalt-rohm.de\/wordpress\/index.php\/wp-json\/wp\/v2\/pages\/9\/revisions"}],"predecessor-version":[{"id":158,"href":"http:\/\/rechtsanwalt-rohm.de\/wordpress\/index.php\/wp-json\/wp\/v2\/pages\/9\/revisions\/158"}],"wp:attachment":[{"href":"http:\/\/rechtsanwalt-rohm.de\/wordpress\/index.php\/wp-json\/wp\/v2\/media?parent=9"}],"curies":[{"name":"wp","href":"https:\/\/api.w.org\/{rel}","templated":true}]}}