{"id":14,"date":"2012-06-11T11:50:00","date_gmt":"2012-06-11T09:50:00","guid":{"rendered":"http:\/\/rechtsanwalt-rohm.de\/wordpress\/index.php\/leistungsangebot\/"},"modified":"2026-01-04T16:07:23","modified_gmt":"2026-01-04T15:07:23","slug":"leistungsangebot","status":"publish","type":"page","link":"http:\/\/rechtsanwalt-rohm.de\/wordpress\/index.php\/leistungsangebot\/","title":{"rendered":"Leistungsangebot"},"content":{"rendered":"<ul>\n<li>Verteidigung in Bet\u00e4ubungsmittelsachen<\/li>\n<li>Verteidigung in Bu\u00dfgeldsachen z.B. Geschwindigkeits\u00fcberschreitung<\/li>\n<li>Verteidigung in Diebstahlssachen<\/li>\n<li>Verteidigung in Gewalt- und Kapitalsachen<\/li>\n<li>Verteidigung in Jugendsachen<\/li>\n<li>Verteidigung in K\u00f6rperverletzungssachen<\/li>\n<li>Verteidigung in Dopingsachen<\/li>\n<li>Verteidigung in Strafsachen gegen die sexuelle Selbstbestimmung<\/li>\n<li>Verteidigung in Stra\u00dfenverkehrssachen wie Trunkenheit oder Unfallflucht<\/li>\n<li>Verteidigung in Umweltsachen<\/li>\n<li>Verteidigung in der Berufungsinstanz<\/li>\n<li>Anwaltliche Unterst\u00fctzung in Nebenklagesachen von Opfern von Straftaten<\/li>\n<\/ul>\n","protected":false},"excerpt":{"rendered":"<p>Verteidigung in Bet\u00e4ubungsmittelsachen Verteidigung in Bu\u00dfgeldsachen z.B. Geschwindigkeits\u00fcberschreitung Verteidigung in Diebstahlssachen Verteidigung in Gewalt- und Kapitalsachen Verteidigung in Jugendsachen Verteidigung in K\u00f6rperverletzungssachen Verteidigung in Dopingsachen Verteidigung in Strafsachen gegen die sexuelle Selbstbestimmung Verteidigung in Stra\u00dfenverkehrssachen wie Trunkenheit oder Unfallflucht Verteidigung in Umweltsachen Verteidigung in der Berufungsinstanz Anwaltliche Unterst\u00fctzung in Nebenklagesachen von Opfern von Straftaten<\/p>\n","protected":false},"author":1,"featured_media":0,"parent":0,"menu_order":6,"comment_status":"closed","ping_status":"closed","template":"","meta":{"footnotes":""},"_links":{"self":[{"href":"http:\/\/rechtsanwalt-rohm.de\/wordpress\/index.php\/wp-json\/wp\/v2\/pages\/14"}],"collection":[{"href":"http:\/\/rechtsanwalt-rohm.de\/wordpress\/index.php\/wp-json\/wp\/v2\/pages"}],"about":[{"href":"http:\/\/rechtsanwalt-rohm.de\/wordpress\/index.php\/wp-json\/wp\/v2\/types\/page"}],"author":[{"embeddable":true,"href":"http:\/\/rechtsanwalt-rohm.de\/wordpress\/index.php\/wp-json\/wp\/v2\/users\/1"}],"replies":[{"embeddable":true,"href":"http:\/\/rechtsanwalt-rohm.de\/wordpress\/index.php\/wp-json\/wp\/v2\/comments?post=14"}],"version-history":[{"count":3,"href":"http:\/\/rechtsanwalt-rohm.de\/wordpress\/index.php\/wp-json\/wp\/v2\/pages\/14\/revisions"}],"predecessor-version":[{"id":178,"href":"http:\/\/rechtsanwalt-rohm.de\/wordpress\/index.php\/wp-json\/wp\/v2\/pages\/14\/revisions\/178"}],"wp:attachment":[{"href":"http:\/\/rechtsanwalt-rohm.de\/wordpress\/index.php\/wp-json\/wp\/v2\/media?parent=14"}],"curies":[{"name":"wp","href":"https:\/\/api.w.org\/{rel}","templated":true}]}}