{"id":13,"date":"2012-06-05T15:17:19","date_gmt":"2012-06-05T13:17:19","guid":{"rendered":"http:\/\/rechtsanwalt-rohm.de\/wordpress\/index.php\/impressum\/"},"modified":"2026-01-04T16:22:46","modified_gmt":"2026-01-04T15:22:46","slug":"impressum","status":"publish","type":"page","link":"http:\/\/rechtsanwalt-rohm.de\/wordpress\/index.php\/impressum\/","title":{"rendered":"Impressum"},"content":{"rendered":"<h2>Impressum<\/h2>\n<ul>\n<li>Anbieter nach \u00a7 6 DDG (Digitale-Dienste-Gesetz) \/ MDStV (Mediendienstestaatsvertrag):<\/li>\n<\/ul>\n<p style=\"margin-left: 60px;\">Rechtsanwalt Gerhard Rohm<\/p>\n<p style=\"margin-left: 60px;\">Friedrich-Ebert-Str. 10<br \/>\n34295 Ederm\u00fcnde<\/p>\n<table style=\"margin-left: 60px;\" border=\"0\">\n<tbody>\n<tr>\n<td><span style=\"color: #0f100e; font-family: Arial, Helvetica, sans-serif; font-size: 12px; text-align: left;\">Telefon:<\/span><\/td>\n<td>+49 (0) 5603 91 77 25<\/td>\n<\/tr>\n<tr>\n<td><span style=\"color: #0f100e; font-family: Arial, Helvetica, sans-serif; font-size: 12px; text-align: left;\">Telefax:<\/span><\/td>\n<td>+49 (0) 5603 &#8211; 91 77 26<\/td>\n<\/tr>\n<\/tbody>\n<\/table>\n<p style=\"margin-left: 60px;\">E-Mail:\u00a0kanzlei(at)rechtsanwalt-rohm.de<\/p>\n<p style=\"margin-left: 60px;\">Finanzamt Fritzlar<br \/>\nSt.-Nr. 024 861 60199<\/p>\n<p style=\"margin-left: 60px;\">Verm\u00f6genshaftpflichtversicherung: Alte Leipziger Versicherung AG, Alte Leipziger Platz 1, \u00a061440 Oberursel.<\/p>\n<ul>\n<li>Verantwortlicher i. S. d. Presserechts:<\/li>\n<\/ul>\n<p style=\"margin-left: 60px;\">Gerhard Rohm<\/p>\n<p style=\"margin-left: 60px;\">Friedrich-Ebert-Str. 10<br \/>\n34295 Ederm\u00fcnde<\/p>\n<ul>\n<li>Zust\u00e4ndige Rechtsanwaltskammer als aufsichtsf\u00fchrendes Organ<\/li>\n<\/ul>\n<p style=\"margin-left: 60px;\">Rechtsanwaltskammer Kassel<\/p>\n<p style=\"margin-left: 60px;\">Karth\u00e4userstr. 5 a<br \/>\n34117 Kassel<\/p>\n<table style=\"margin-left: 60px;\" border=\"0\">\n<tbody>\n<tr>\n<td>Telefon:<\/td>\n<td>+49 (0) 5 61 &#8211; 7 88 09 8 &#8211; 0<\/td>\n<\/tr>\n<tr>\n<td>Telefax:<\/td>\n<td>+49 (0) 5 61 &#8211;\u00a07 88 09 8 &#8211; 11<\/td>\n<\/tr>\n<\/tbody>\n<\/table>\n<ul>\n<li>Externe Links<\/li>\n<\/ul>\n<p style=\"margin-left: 60px;\">Die Inhalte externer Links werden von mir nicht gepr\u00fcft. Sie unterliegen der Haftung der jeweiligen Anbieter.<\/p>\n<ul>\n<li>Urheberrechtshinweise<\/li>\n<\/ul>\n<p style=\"margin-left: 60px;\">Alle auf dieser Website ver\u00f6ffentlichten Beitr\u00e4ge und Abbildungen sind urheberrechtlich gesch\u00fctzt. Jede vom Urheberrechtsgesetz nicht zugelassene Verwertung bedarf vorheriger schriftlicher Zustimmung der Anbieter. Dies gilt insbesondere f\u00fcr Vervielf\u00e4ltigung, Bearbeitung, \u00dcbersetzung, Einspeicherung, Verarbeitung bzw. Wiedergabe von Inhalten in Datenbanken oder anderen elektronischen Medien und Systemen. Fotokopien und Downloads von Web-Seiten d\u00fcrfen nur f\u00fcr den pers\u00f6nlichen, privaten und nicht-kommerziellen Gebrauch hergestellt werden.<\/p>\n<ul>\n<li>Unverbindlichkeit der Informationen<\/li>\n<\/ul>\n<p style=\"margin-left: 60px;\">Die Inhalte dieser Website, insbesondere der Rechtsbeitr\u00e4ge, werden mit gr\u00f6\u00dftm\u00f6glicher Sorgfalt recherchiert. Gleichwohl \u00fcbernimmt der Anbieter keine Haftung f\u00fcr die Richtigkeit, Vollst\u00e4ndigkeit und Aktualit\u00e4t der bereitgestellten Informationen. Die Beitr\u00e4ge geben die Meinung des jeweiligen Verfassers wieder.<\/p>\n<ul>\n<li>Unverbindlichkeit von Ausk\u00fcnften<\/li>\n<\/ul>\n<p style=\"margin-left: 60px;\">M\u00fcndliche oder schriftliche Ausk\u00fcnfte, die au\u00dferhalb eines Mandatsverh\u00e4ltnisses erteilt werden, sind unverbindlich. Die Informationen, die auf dieser Website bereitgestellt werden, sind allgemeiner Art und stellen keine Rechtsberatung dar.<\/p>\n<ul>\n<li>Kommunikation \u00fcber E-Mail<\/li>\n<\/ul>\n<p style=\"margin-left: 60px;\">Kommunikation \u00fcber E-Mail kann Sicherheitsl\u00fccken aufweisen. Es k\u00f6nnen unter Umst\u00e4nden E-Mails auf dem Weg an die Kanzlei oder von der Kanzlei von anderen Internet-Nutzern aufgehalten und eingesehen werden. Sollte ich eine E-Mail von Ihnen erhalten, so gehe ich davon aus, dass ich zu einer Beantwortung per E-Mail berechtigt bin. Ansonsten m\u00fcssen Sie ausdr\u00fccklich auf eine andere Art der Kommunikation verweisen.<\/p>\n<ul>\n<li>Berufsrechtliche Regelungen<\/li>\n<\/ul>\n<p style=\"margin-left: 60px;\">Bundesrechtsanwaltsordnung, Berufsordnung, Fachanwaltsordnung, RVG, Standesregelung der Rechtsanw\u00e4lte in der Europ\u00e4ischen Gemeinschaft<\/p>\n","protected":false},"excerpt":{"rendered":"<p>Impressum Anbieter nach \u00a7 6 DDG (Digitale-Dienste-Gesetz) \/ MDStV (Mediendienstestaatsvertrag): Rechtsanwalt Gerhard Rohm Friedrich-Ebert-Str. 10 34295 Ederm\u00fcnde Telefon: +49 (0) 5603 91 77 25 Telefax: +49 (0) 5603 &#8211; 91 77 26 E-Mail:\u00a0kanzlei(at)rechtsanwalt-rohm.de Finanzamt Fritzlar St.-Nr. 024 861 60199 Verm\u00f6genshaftpflichtversicherung: Alte Leipziger Versicherung AG, Alte Leipziger Platz 1, \u00a061440 Oberursel. Verantwortlicher i. S. d. Presserechts: &hellip; <\/p>\n<p class=\"link-more\"><a href=\"http:\/\/rechtsanwalt-rohm.de\/wordpress\/index.php\/impressum\/\" class=\"more-link\"><span class=\"screen-reader-text\">\u201eImpressum\u201c<\/span> weiterlesen<\/a><\/p>\n","protected":false},"author":1,"featured_media":0,"parent":0,"menu_order":8,"comment_status":"closed","ping_status":"closed","template":"","meta":{"footnotes":""},"_links":{"self":[{"href":"http:\/\/rechtsanwalt-rohm.de\/wordpress\/index.php\/wp-json\/wp\/v2\/pages\/13"}],"collection":[{"href":"http:\/\/rechtsanwalt-rohm.de\/wordpress\/index.php\/wp-json\/wp\/v2\/pages"}],"about":[{"href":"http:\/\/rechtsanwalt-rohm.de\/wordpress\/index.php\/wp-json\/wp\/v2\/types\/page"}],"author":[{"embeddable":true,"href":"http:\/\/rechtsanwalt-rohm.de\/wordpress\/index.php\/wp-json\/wp\/v2\/users\/1"}],"replies":[{"embeddable":true,"href":"http:\/\/rechtsanwalt-rohm.de\/wordpress\/index.php\/wp-json\/wp\/v2\/comments?post=13"}],"version-history":[{"count":3,"href":"http:\/\/rechtsanwalt-rohm.de\/wordpress\/index.php\/wp-json\/wp\/v2\/pages\/13\/revisions"}],"predecessor-version":[{"id":183,"href":"http:\/\/rechtsanwalt-rohm.de\/wordpress\/index.php\/wp-json\/wp\/v2\/pages\/13\/revisions\/183"}],"wp:attachment":[{"href":"http:\/\/rechtsanwalt-rohm.de\/wordpress\/index.php\/wp-json\/wp\/v2\/media?parent=13"}],"curies":[{"name":"wp","href":"https:\/\/api.w.org\/{rel}","templated":true}]}}