{"id":12,"date":"2012-06-05T15:16:03","date_gmt":"2012-06-05T13:16:03","guid":{"rendered":"http:\/\/rechtsanwalt-rohm.de\/wordpress\/index.php\/kontakt\/"},"modified":"2026-01-04T16:21:16","modified_gmt":"2026-01-04T15:21:16","slug":"kontakt-2","status":"publish","type":"page","link":"http:\/\/rechtsanwalt-rohm.de\/wordpress\/index.php\/kontakt-2\/","title":{"rendered":"Kontakt"},"content":{"rendered":"<h2>Kontakt<\/h2>\n<p>Rechtsanwalt Gerhard Rohm<\/p>\n<p>Friedrich-Ebert-Str. 10<br \/>\n34295 Ederm\u00fcnde<\/p>\n<p>Telefon: +49 (0) 5603 91 77 25<br \/>\nTelefax: +49 (0) 56 03 &#8211; 91 77 26<\/p>\n<p>E-Mail: kanzlei(at)rechtsanwalt-rohm.de<\/p>\n<hr noshade=\"noshade\" \/>\n<p>Die B\u00fcrozeiten f\u00fcr die Kanzleien erfahren Sie<a href=\"index.php?option=com_content&amp;view=article&amp;id=4&amp;Itemid=11\">\u00a0hier.<\/a><\/p>\n","protected":false},"excerpt":{"rendered":"<p>Kontakt Rechtsanwalt Gerhard Rohm Friedrich-Ebert-Str. 10 34295 Ederm\u00fcnde Telefon: +49 (0) 5603 91 77 25 Telefax: +49 (0) 56 03 &#8211; 91 77 26 E-Mail: kanzlei(at)rechtsanwalt-rohm.de Die B\u00fcrozeiten f\u00fcr die Kanzleien erfahren Sie\u00a0hier.<\/p>\n","protected":false},"author":1,"featured_media":0,"parent":0,"menu_order":10,"comment_status":"closed","ping_status":"closed","template":"","meta":{"footnotes":""},"_links":{"self":[{"href":"http:\/\/rechtsanwalt-rohm.de\/wordpress\/index.php\/wp-json\/wp\/v2\/pages\/12"}],"collection":[{"href":"http:\/\/rechtsanwalt-rohm.de\/wordpress\/index.php\/wp-json\/wp\/v2\/pages"}],"about":[{"href":"http:\/\/rechtsanwalt-rohm.de\/wordpress\/index.php\/wp-json\/wp\/v2\/types\/page"}],"author":[{"embeddable":true,"href":"http:\/\/rechtsanwalt-rohm.de\/wordpress\/index.php\/wp-json\/wp\/v2\/users\/1"}],"replies":[{"embeddable":true,"href":"http:\/\/rechtsanwalt-rohm.de\/wordpress\/index.php\/wp-json\/wp\/v2\/comments?post=12"}],"version-history":[{"count":3,"href":"http:\/\/rechtsanwalt-rohm.de\/wordpress\/index.php\/wp-json\/wp\/v2\/pages\/12\/revisions"}],"predecessor-version":[{"id":182,"href":"http:\/\/rechtsanwalt-rohm.de\/wordpress\/index.php\/wp-json\/wp\/v2\/pages\/12\/revisions\/182"}],"wp:attachment":[{"href":"http:\/\/rechtsanwalt-rohm.de\/wordpress\/index.php\/wp-json\/wp\/v2\/media?parent=12"}],"curies":[{"name":"wp","href":"https:\/\/api.w.org\/{rel}","templated":true}]}}